{"id":736,"date":"2025-01-23T17:28:07","date_gmt":"2025-01-23T17:28:07","guid":{"rendered":"https:\/\/gate-berlin-test.lambda-factor.pl\/de\/?page_id=736"},"modified":"2025-01-29T15:43:32","modified_gmt":"2025-01-29T15:43:32","slug":"agb","status":"publish","type":"page","link":"https:\/\/gate-berlin-test.lambda-factor.pl\/de\/agb\/","title":{"rendered":"AGB"},"content":{"rendered":"\n<section class=\"simple-text \"  data-block-id=\"block_d1db1de6752b25d3836748d7e662a3f6\">\n    <div class=\"container-xxl\">\n                    <a href=\"#\" class=\"simple-text__back button-back\">\n                <svg width=\"24\" height=\"25\" viewBox=\"0 0 24 25\" fill=\"none\" xmlns=\"http:\/\/www.w3.org\/2000\/svg\">\n                    <path d=\"M15 20.4201L8.47997 13.9001C7.70997 13.1301 7.70997 11.8701 8.47997 11.1001L15 4.58008\"\n                          stroke=\"#181818\" stroke-width=\"2\" stroke-miterlimit=\"10\" stroke-linecap=\"round\"\n                          stroke-linejoin=\"round\"\/>\n                <\/svg>\n                <span>\n                    back                <\/span>\n            <\/a>\n                            <h2 class=\"simple-text__headline\">\n                AGB            <\/h2>\n                            <div class=\"simple-text__text\">\n                <p><b>Allgemeine Gesch\u00e4ftsbedingungen (AGB) der Gate Hotel UG (haftungsbeschr\u00e4nkt)<\/b><\/p>\n<ol>\n<li><b> Geltungsbereich<\/b><\/li>\n<\/ol>\n<ol>\n<li style=\"font-weight: 400;\" aria-level=\"1\"><span style=\"font-weight: 400;\">Diese Gesch\u00e4ftsbedingungen gelten f\u00fcr Vertr\u00e4ge \u00fcber die mietweise \u00dcberlassung von Hotelzimmern zur Beherbergung sowie f\u00fcr alle weiteren Leistungen und Lieferungen des Hotels.<\/span><\/li>\n<li style=\"font-weight: 400;\" aria-level=\"1\"><span style=\"font-weight: 400;\">Die Unter- oder Weitervermietung der \u00fcberlassenen Zimmer sowie deren Nutzung zu anderen als Beherbergungszwecken bed\u00fcrfen der vorherigen schriftlichen Zustimmung des Hotels.<\/span><\/li>\n<li style=\"font-weight: 400;\" aria-level=\"1\"><span style=\"font-weight: 400;\">Gesch\u00e4ftsbedingungen des Kunden finden nur Anwendung, wenn dies vorher ausdr\u00fccklich schriftl ich vereinbart wurde.<\/span><\/li>\n<\/ol>\n<ol>\n<li><b> Vertragsabschluss, Verj\u00e4hrung<\/b><\/li>\n<\/ol>\n<ol>\n<li style=\"font-weight: 400;\" aria-level=\"1\"><span style=\"font-weight: 400;\">Der Vertrag kommt durch die Annahme des Antrags des Kunden durch das Hotel zustande. Dem Hotel steht es frei, die Zimmerbuchung schriftlich zu best\u00e4tigen.<\/span><\/li>\n<li style=\"font-weight: 400;\" aria-level=\"1\"><span style=\"font-weight: 400;\">Alle Anspr\u00fcche gegen das Hotel verj\u00e4hren grunds\u00e4tzlich in einem Jahr ab dem gesetzlichen Verj\u00e4hrungsbeginn. Schadensersatzanspr\u00fcche verj\u00e4hren kenntnisunabh\u00e4ngig in f\u00fcnf Jahren. Die Verj\u00e4hrungsverk\u00fcrzungen gelten nicht bei Anspr\u00fcchen, die auf einer vors\u00e4tzlichen oder grob fahrl\u00e4ssigen Pflichtverletzung des Hotels beruhen.<\/span><\/li>\n<\/ol>\n<p><b>III. Leistungen, Preise, Zahlung, Aufrechnung<\/b><\/p>\n<ol>\n<li style=\"font-weight: 400;\" aria-level=\"1\"><span style=\"font-weight: 400;\">Das Hotel ist verpflichtet, die vom Kunden gebuchten Zimmer bereitzuhalten und die vereinbarten Leistungen zu erbringen.<\/span><\/li>\n<li style=\"font-weight: 400;\" aria-level=\"1\"><span style=\"font-weight: 400;\">Der Kunde ist verpflichtet, die f\u00fcr die Zimmer\u00fcberlassung und die von ihm in Anspruch genommenen weiteren Leistungen geltenden bzw. vereinbarten Preise des Hotels zu zahlen. Dies gilt auch f\u00fcr vom Kunden veranlasste Leistungen und Auslagen des Hotels an Dritte.<\/span><\/li>\n<li style=\"font-weight: 400;\" aria-level=\"1\"><span style=\"font-weight: 400;\">Die vereinbarten Preise schlie\u00dfen die jeweilige gesetzliche Mehrwertsteuer ein. \u00dcberschreitet der Zeitraum zwischen Vertragsabschluss und Vertragserf\u00fcllung vier Monate und erh\u00f6ht sich der vom Hotel allgemein f\u00fcr derartige Leistungen berechnete Preis, so kann dieses den vertraglich vereinbarten Preis angemessen, h\u00f6chstens jedoch um 5% anheben.<\/span><\/li>\n<li style=\"font-weight: 400;\" aria-level=\"1\"><span style=\"font-weight: 400;\">Die Preise k\u00f6nnen vom Hotel ferner ge\u00e4ndert werden, wenn der Kunde nachtr\u00e4glich \u00c4nderungen der Anzahl der gebuchten Zimmer, der Leistung des Hotels oder der Aufenthaltsdauer der G\u00e4ste w\u00fcnscht und das Hotel dem zustimmt.<\/span><\/li>\n<li style=\"font-weight: 400;\" aria-level=\"1\"><span style=\"font-weight: 400;\">Rechnungen des Hotels ohne F\u00e4lligkeitsdatum sind binnen 10 Tagen ab Zugang der Rechnung ohne Abzug zahlbar. Das Hotel ist berechtigt, aufgelaufene Forderungen jederzeit f\u00e4llig zu stellen und unverz\u00fcgliche Zahlung zu verlangen. Bei Zahlungsverzug ist das Hotel berechtigt, die jeweils geltenden gesetzlichen Verzugszinsen zu verlangen. Dem Hotel bleibt der Nachweis eines h\u00f6heren Schadens vorbehalten.<\/span><\/li>\n<li style=\"font-weight: 400;\" aria-level=\"1\"><span style=\"font-weight: 400;\">Das Hotel ist berechtigt, bei Vertragsschluss oder danach eine angemessene Vorauszahlung oder Sicherheitsleistung zu verlangen. Die H\u00f6he der Vorauszahlung und die Zahlungstermine k\u00f6nnen im Vertrag schriftlich vereinbart werden.<\/span><\/li>\n<li style=\"font-weight: 400;\" aria-level=\"1\"><span style=\"font-weight: 400;\">Der Kunde kann nur mit einer unstreitigen oder rechtskr\u00e4ftigen Forderung gegen\u00fcber einer Forderung des Hotels aufrechnen oder mindern.<\/span><\/li>\n<\/ol>\n<ol>\n<li><b> R\u00fccktritt des Kunden (Abbestellung, Stornierung)<\/b><\/li>\n<\/ol>\n<ol>\n<li style=\"font-weight: 400;\" aria-level=\"1\"><span style=\"font-weight: 400;\">Ein R\u00fccktritt des Kunden von dem mit dem Hotel geschlossenen Vertrag bedarf der schriftlichen Zustimmung des Hotels. Erfolgt diese nicht, so ist der vereinbarte Preis aus dem Vertrag auch dann zu zahlen, wenn der Kunde vertragliche Leistungen nicht in Anspruch nimmt.<\/span><\/li>\n<li style=\"font-weight: 400;\" aria-level=\"1\"><span style=\"font-weight: 400;\">Sofern zwischen dem Hotel und dem Kunden ein Termin zum kostenfreien R\u00fccktritt vom Vertrag schriftlich vereinbart wurde, kann der Kunde bis dahin vom Vertrag zur\u00fccktreten, ohne Zahlungs- oder Schadensersatzanspr\u00fcche des Hotels auszul\u00f6sen. Das R\u00fccktrittsrecht des Kunden erlischt, wenn er nicht bis zum vereinbarten Termin sein Recht zum R\u00fccktritt schriftlich gegen\u00fcber dem Hotel aus\u00fcbt.<\/span><\/li>\n<li style=\"font-weight: 400;\" aria-level=\"1\"><span style=\"font-weight: 400;\">Bei vom Kunden nicht in Anspruch genommenen Zimmern hat das Hotel die Einnahmen aus anderweitiger Vermietung der Zimmer sowie die eingesparten Aufwendungen anzurechnen.<\/span><\/li>\n<li style=\"font-weight: 400;\" aria-level=\"1\"><span style=\"font-weight: 400;\">Dem Hotel steht es frei, den ihm entstehenden und vom Kunden zu ersetzenden Schaden zu pauschalieren. Der Kunde ist dann verpflichtet, 80% des vertraglich vereinbarten Preises f\u00fcr \u00dcbernachtungen mit oder ohne Fr\u00fchst\u00fcck zu zahlen. Dem Kunden steht der Nachweis frei, dass kein Schaden entstanden oder der dem Hotel entstandene Schaden niedriger als die geforderte Pauschale ist.<\/span><\/li>\n<\/ol>\n<ol>\n<li><b> R\u00fccktritt des Hotels<\/b><\/li>\n<\/ol>\n<ol>\n<li style=\"font-weight: 400;\" aria-level=\"1\"><span style=\"font-weight: 400;\">Sofern ein kostenfreies R\u00fccktrittsrecht des Kunden innerhalb einer bestimmten Frist schriftlich vereinbart wurde, ist das Hotel in diesem Zeitraum seinerseits berechtigt, vom Vertrag zur\u00fcckzutreten, wenn Anfragen anderer Kunden nach den vertraglich gebuchten Zimmern vorliegen und der Kunde auf R\u00fcckfrage des Hotels auf sein Recht zum R\u00fccktritt nicht verzichtet.<\/span><\/li>\n<li style=\"font-weight: 400;\" aria-level=\"1\"><span style=\"font-weight: 400;\">Wird eine vereinbarte oder verlangte Vorauszahlung auch nach Verstreichen einer vom Hotel gesetzten angemessenen Nachfrist nicht geleistet, so ist das Hotel ebenfalls zum R\u00fccktritt vom Vertrag berechtigt.<\/span><\/li>\n<li style=\"font-weight: 400;\" aria-level=\"1\"><span style=\"font-weight: 400;\">Ferner ist das Hotel berechtigt, aus sachlich gerechtfertigtem Grund vom Vertrag au\u00dferordentlich zur\u00fcckzutreten, beispielsweise falls:<\/span>\n<ul>\n<li style=\"font-weight: 400;\" aria-level=\"2\"><span style=\"font-weight: 400;\">H\u00f6here Gewalt oder andere vom Hotel nicht zu vertretende Umst\u00e4nde die Erf\u00fcllung des Vertrages unm\u00f6glich machen;<\/span><\/li>\n<li style=\"font-weight: 400;\" aria-level=\"2\"><span style=\"font-weight: 400;\">Zimmer unter irref\u00fchrender oder falscher Angabe wesentlicher Tatsachen, z.B. in der Person des Kunden oder des Zwecks, gebucht werden;<\/span><\/li>\n<li style=\"font-weight: 400;\" aria-level=\"2\"><span style=\"font-weight: 400;\">das Hotel begr\u00fcndeten Anlass zu der Annahme hat, dass die Inanspruchnahme der Hotelleistung den reibungslosen Gesch\u00e4ftsbetrieb, die Sicherheit oder das Ansehen des Hotels in der \u00d6ffentlichkeit gef\u00e4hrden kann, ohne dass dies dem Herrschafts- bzw. Organisationsbereich des Hotels zuzurechnen ist.<\/span><\/li>\n<\/ul>\n<\/li>\n<li style=\"font-weight: 400;\" aria-level=\"1\"><span style=\"font-weight: 400;\">Bei berechtigtem R\u00fccktritt des Hotels entsteht kein Anspruch des Kunden auf Schadensersatz.<\/span><\/li>\n<\/ol>\n<ol>\n<li><b> Zimmerbereitstellung, &#8211; \u00fcbergabe und &#8211; r\u00fcckgabe<\/b><\/li>\n<\/ol>\n<ol>\n<li style=\"font-weight: 400;\" aria-level=\"1\"><span style=\"font-weight: 400;\">Der Kunde erwirbt keinen Anspruch auf die Bereitstellung bestimmter Zimmer.<\/span><\/li>\n<li style=\"font-weight: 400;\" aria-level=\"1\"><span style=\"font-weight: 400;\">Gebuchte Zimmer stehen dem Kunden ab 15.00 Uhr des vereinbarten Anreisetages zur Verf\u00fcgung. Der Kunde hat keinen Anspruch auf fr\u00fchere Bereitstellung.<\/span><\/li>\n<li style=\"font-weight: 400;\" aria-level=\"1\"><span style=\"font-weight: 400;\">Am vereinbarten Abreisetag sind die Zimmer dem Hotel sp\u00e4testens um 11.00 Uhr ger\u00e4umt zur Verf\u00fcgung zu stellen. Danach kann das Hotel aufgrund der versp\u00e4teten R\u00e4umung des Zimmers f\u00fcr dessen vertrags\u00fcberschreitende Nutzung bis 15.00 Uhr 50% des vollen Logispreises (Listenpreises) in Rechnung stellen, ab 15.00 Uhr 100%. Vertragliche Anspr\u00fcche des Kunden werden hierdurch nicht begr\u00fcndet. Ihm steht es frei, nachzuweisen, dass dem Hotel kein oder ein wesentlich niedrigerer Anspruch auf Nutzungsentgelt entstanden ist.<\/span><\/li>\n<li style=\"font-weight: 400;\" aria-level=\"1\"><span style=\"font-weight: 400;\">Rauchen ist im gesamten Hotel nicht gestattet. Sollte im Hotelzimmer geraucht werden, beh\u00e4lt sich das Hotel das Recht vor, 100\u20ac Schadensersatz zu berechnen.<\/span><\/li>\n<li style=\"font-weight: 400;\" aria-level=\"1\"><span style=\"font-weight: 400;\">Das Tragen von Waffen ist auf dem gesamten Gel\u00e4nde untersagt. Bei Nichtbeachtung erfolgt ein Hausverbot.<\/span><\/li>\n<li style=\"font-weight: 400;\" aria-level=\"1\"><span style=\"font-weight: 400;\">Die Buchung und Bereitstellung von Hotelparkpl\u00e4tzen unterliegt der Verf\u00fcgbarkeit. Die gebuchten Parkpl\u00e4tze stehen am Anreisetag ab 15 Uhr bis zum Abreisetag um 11 Uhr zur Verf\u00fcgung. F\u00fcr vorab gebuchte Parkpl\u00e4tze gelten dieselben Stornobedingungen wie f\u00fcr die Zimmer.<\/span><\/li>\n<\/ol>\n<p>&nbsp;<\/p>\n<p><b>VIII. Haftung des Hotels<\/b><\/p>\n<ol>\n<li style=\"font-weight: 400;\" aria-level=\"1\"><span style=\"font-weight: 400;\">Das Hotel haftet mit der Sorgfalt eines ordentlichen Kaufmanns f\u00fcr seine Verpflichtungen aus dem Vertrag. Anspr\u00fcche des Kunden auf Schadensersatz sind ausgeschlossen, es sei denn:<\/span>\n<ul>\n<li style=\"font-weight: 400;\" aria-level=\"2\"><span style=\"font-weight: 400;\">Es handelt sich um Sch\u00e4den aus der Verletzung des Lebens, des K\u00f6rpers oder der Gesundheit, die auf einer Pflichtverletzung des Hotels beruhen.<\/span><\/li>\n<li style=\"font-weight: 400;\" aria-level=\"2\"><span style=\"font-weight: 400;\">Es handelt sich um sonstige Sch\u00e4den, die auf einer vors\u00e4tzlichen oder grob fahrl\u00e4ssigen Pflichtverletzung des Hotels beruhen.<\/span><\/li>\n<li style=\"font-weight: 400;\" aria-level=\"2\"><span style=\"font-weight: 400;\">Die Sch\u00e4den beruhen auf einer vors\u00e4tzlichen oder fahrl\u00e4ssigen Verletzung von vertragstypischen Pflichten des Hotels.<\/span><\/li>\n<\/ul>\n<\/li>\n<li style=\"font-weight: 400;\" aria-level=\"1\"><span style=\"font-weight: 400;\">Einer Pflichtverletzung des Hotels steht die eines gesetzlichen Vertreters oder Erf\u00fcllungsgehilfen gleich. Sollte es zu St\u00f6rungen oder M\u00e4ngeln an den Leistungen des Hotels kommen, wird das Hotel bei Kenntnis oder auf unverz\u00fcgliche R\u00fcge des Kunden bem\u00fcht sein, Abhilfe zu schaffen. Der Kunde ist verpflichtet, das ihm Zumutbare beizutragen, um die St\u00f6rung zu beheben und m\u00f6gliche Sch\u00e4den gering zu halten.<\/span><\/li>\n<li style=\"font-weight: 400;\" aria-level=\"1\"><span style=\"font-weight: 400;\">F\u00fcr eingebrachte Gegenst\u00e4nde haftet das Hotel nach den gesetzlichen Bestimmungen, und zwar:<\/span>\n<ul>\n<li style=\"font-weight: 400;\" aria-level=\"2\"><span style=\"font-weight: 400;\">Bis zum Hundertfachen des Zimmerpreises, jedoch maximal \u20ac 3.500.<\/span><\/li>\n<li style=\"font-weight: 400;\" aria-level=\"2\"><span style=\"font-weight: 400;\">F\u00fcr Geld, Wertpapiere und Kostbarkeiten bis zu einem H\u00f6chstbetrag von \u20ac 800.<\/span><\/li>\n<\/ul>\n<\/li>\n<li style=\"font-weight: 400;\" aria-level=\"1\"><span style=\"font-weight: 400;\">Geld und Wertgegenst\u00e4nde k\u00f6nnen nicht im Hotelsafe aufbewahrt werden. Haftungsanspr\u00fcche erl\u00f6schen, wenn der Kunde den Verlust, die Zerst\u00f6rung oder Besch\u00e4digung nicht unverz\u00fcglich nach Kenntnisnahme dem Hotel anzeigt (\u00a7 703 BGB). F\u00fcr eine weitergehende Haftung des Hotels gelten die Einschr\u00e4nkungen gem\u00e4\u00df Ziffer 1.<\/span><\/li>\n<li style=\"font-weight: 400;\" aria-level=\"1\"><span style=\"font-weight: 400;\">Wird dem Kunden ein Stellplatz auf dem Hotelparkplatz oder in der Hotelgarage (auch gegen Entgelt) bereitgestellt, entsteht dadurch kein Verwahrungsvertrag. Das Hotel haftet nicht f\u00fcr Verlust oder Besch\u00e4digung abgestellter Fahrzeuge oder deren Inhalte, au\u00dfer bei Vorsatz oder grober Fahrl\u00e4ssigkeit. Die Regelungen aus Ziffer 1 gelten entsprechend.<\/span><\/li>\n<li style=\"font-weight: 400;\" aria-level=\"1\"><span style=\"font-weight: 400;\">Weckauftr\u00e4ge werden vom Hotel mit gr\u00f6\u00dfter Sorgfalt ausgef\u00fchrt. Nachrichten, Post und Warensendungen f\u00fcr G\u00e4ste werden mit Sorgfalt behandelt. Auf Wunsch und gegen Entgelt \u00fcbernimmt das Hotel die Zustellung, Aufbewahrung oder Nachsendung. Die Regelungen aus Ziffer 1 gelten entsprechend.<\/span><\/li>\n<\/ol>\n<ol>\n<li><b> Bettensteuer<\/b><\/li>\n<\/ol>\n<p><span style=\"font-weight: 400;\">Das Land Berlin erhebt eine \u00dcbernachtungssteuer (\u201eCity Tax\u201c) auf den Aufwand f\u00fcr entgeltliche \u00dcbernachtungen in Beherbergungsbetrieben. Die Steuer f\u00e4llt an, sobald eine \u00dcbernachtungsm\u00f6glichkeit bereitgestellt wird, unabh\u00e4ngig davon, ob diese tats\u00e4chlich genutzt wird. Die Stornierung einer \u00dcbernachtung vor deren Inanspruchnahme l\u00f6st keine Besteuerung aus.<\/span><\/p>\n<ol>\n<li><b> Film- und Fotoaufnahmen<\/b><\/li>\n<\/ol>\n<p><span style=\"font-weight: 400;\">Kommerzielle Foto- und Filmproduktionen oder andere Bild- und Tonaufnahmen sind nur nach vorheriger Absprache mit dem Hotel erlaubt. F\u00fcr solche Produktionen k\u00f6nnen besondere Tagesraten gelten.<\/span><span style=\"font-weight: 400;\"><br \/>\n<\/span><span style=\"font-weight: 400;\">Rechtswidrige oder unethische Inhalte, wie pornografische, rechtsextreme, rassistische, diskriminierende, sexistische, gewaltverherrlichende oder anderweitig inakzeptable Inhalte, sind strikt untersagt. Die R\u00e4umlichkeiten m\u00fcssen in dem Zustand hinterlassen werden, in dem sie vorgefunden wurden.<\/span><\/p>\n<ol>\n<li><b> Schlussbestimmungen<\/b><\/li>\n<\/ol>\n<ol>\n<li style=\"font-weight: 400;\" aria-level=\"1\"><span style=\"font-weight: 400;\">\u00c4nderungen oder Erg\u00e4nzungen des Vertrags, der Antragsannahme oder dieser Gesch\u00e4ftsbedingungen bed\u00fcrfen der Schriftform. Einseitige \u00c4nderungen durch den Kunden sind unwirksam.<\/span><\/li>\n<li style=\"font-weight: 400;\" aria-level=\"1\"><span style=\"font-weight: 400;\">Erf\u00fcllungs- und Zahlungsort ist der Sitz des Betreibergesellschaft.<\/span><\/li>\n<li style=\"font-weight: 400;\" aria-level=\"1\"><span style=\"font-weight: 400;\">Es gilt ausschlie\u00dflich deutsches Recht. Die Anwendung des UN-Kaufrechts sowie des Kollisionsrechts ist ausgeschlossen.<\/span><\/li>\n<li style=\"font-weight: 400;\" aria-level=\"1\"><span style=\"font-weight: 400;\">Der Gerichtsstand f\u00fcr Streitigkeiten ist Berlin, sofern der Kunde Kaufmann, juristische Person des \u00f6ffentlichen Rechts oder im Ausland ans\u00e4ssig ist.<\/span><\/li>\n<li style=\"font-weight: 400;\" aria-level=\"1\"><span style=\"font-weight: 400;\">Sollten einzelne Bestimmungen dieser Allgemeinen Gesch\u00e4ftsbedingungen unwirksam sein, bleibt die Wirksamkeit der \u00fcbrigen Bestimmungen unber\u00fchrt.<\/span><\/li>\n<\/ol>\n<p><span style=\"font-weight: 400;\">Berlin, Januar 2025<\/span><span style=\"font-weight: 400;\"><br \/>\n<\/span><b>Gate Hotel UG (haftungsbeschr\u00e4nkt)<\/b><b><br \/>\n<\/b><span style=\"font-weight: 400;\">Torstra\u00dfe 201, 10115 Berlin<\/span><\/p>\n            <\/div>\n            <\/div>\n<\/section>","protected":false},"excerpt":{"rendered":"","protected":false},"author":1,"featured_media":0,"parent":0,"menu_order":1,"comment_status":"closed","ping_status":"closed","template":"","meta":{"footnotes":""},"class_list":["post-736","page","type-page","status-publish","hentry"],"acf":[],"yoast_head":"<!-- This site is optimized with the Yoast SEO plugin v24.3 - https:\/\/yoast.com\/wordpress\/plugins\/seo\/ -->\n<title>AGB - The Gate staging DE<\/title>\n<meta name=\"robots\" content=\"index, follow, max-snippet:-1, max-image-preview:large, max-video-preview:-1\" \/>\n<link rel=\"canonical\" href=\"https:\/\/gate-berlin-test.lambda-factor.pl\/de\/agb\/\" \/>\n<meta property=\"og:locale\" content=\"en_US\" \/>\n<meta property=\"og:type\" content=\"article\" \/>\n<meta property=\"og:title\" content=\"AGB - The Gate staging DE\" \/>\n<meta property=\"og:url\" content=\"https:\/\/gate-berlin-test.lambda-factor.pl\/de\/agb\/\" \/>\n<meta property=\"og:site_name\" content=\"The Gate staging DE\" \/>\n<meta property=\"article:modified_time\" content=\"2025-01-29T15:43:32+00:00\" \/>\n<meta name=\"twitter:card\" content=\"summary_large_image\" \/>\n<script type=\"application\/ld+json\" class=\"yoast-schema-graph\">{\"@context\":\"https:\/\/schema.org\",\"@graph\":[{\"@type\":\"WebPage\",\"@id\":\"https:\/\/gate-berlin-test.lambda-factor.pl\/de\/agb\/\",\"url\":\"https:\/\/gate-berlin-test.lambda-factor.pl\/de\/agb\/\",\"name\":\"AGB - The Gate staging DE\",\"isPartOf\":{\"@id\":\"https:\/\/gate-berlin-test.lambda-factor.pl\/de\/#website\"},\"datePublished\":\"2025-01-23T17:28:07+00:00\",\"dateModified\":\"2025-01-29T15:43:32+00:00\",\"breadcrumb\":{\"@id\":\"https:\/\/gate-berlin-test.lambda-factor.pl\/de\/agb\/#breadcrumb\"},\"inLanguage\":\"en-US\",\"potentialAction\":[{\"@type\":\"ReadAction\",\"target\":[\"https:\/\/gate-berlin-test.lambda-factor.pl\/de\/agb\/\"]}]},{\"@type\":\"BreadcrumbList\",\"@id\":\"https:\/\/gate-berlin-test.lambda-factor.pl\/de\/agb\/#breadcrumb\",\"itemListElement\":[{\"@type\":\"ListItem\",\"position\":1,\"name\":\"Home\",\"item\":\"https:\/\/gate-berlin-test.lambda-factor.pl\/de\/\"},{\"@type\":\"ListItem\",\"position\":2,\"name\":\"AGB\"}]},{\"@type\":\"WebSite\",\"@id\":\"https:\/\/gate-berlin-test.lambda-factor.pl\/de\/#website\",\"url\":\"https:\/\/gate-berlin-test.lambda-factor.pl\/de\/\",\"name\":\"The Gate staging DE\",\"description\":\"\",\"potentialAction\":[{\"@type\":\"SearchAction\",\"target\":{\"@type\":\"EntryPoint\",\"urlTemplate\":\"https:\/\/gate-berlin-test.lambda-factor.pl\/de\/?s={search_term_string}\"},\"query-input\":{\"@type\":\"PropertyValueSpecification\",\"valueRequired\":true,\"valueName\":\"search_term_string\"}}],\"inLanguage\":\"en-US\"}]}<\/script>\n<!-- \/ Yoast SEO plugin. -->","yoast_head_json":{"title":"AGB - The Gate staging DE","robots":{"index":"index","follow":"follow","max-snippet":"max-snippet:-1","max-image-preview":"max-image-preview:large","max-video-preview":"max-video-preview:-1"},"canonical":"https:\/\/gate-berlin-test.lambda-factor.pl\/de\/agb\/","og_locale":"en_US","og_type":"article","og_title":"AGB - The Gate staging DE","og_url":"https:\/\/gate-berlin-test.lambda-factor.pl\/de\/agb\/","og_site_name":"The Gate staging DE","article_modified_time":"2025-01-29T15:43:32+00:00","twitter_card":"summary_large_image","schema":{"@context":"https:\/\/schema.org","@graph":[{"@type":"WebPage","@id":"https:\/\/gate-berlin-test.lambda-factor.pl\/de\/agb\/","url":"https:\/\/gate-berlin-test.lambda-factor.pl\/de\/agb\/","name":"AGB - The Gate staging DE","isPartOf":{"@id":"https:\/\/gate-berlin-test.lambda-factor.pl\/de\/#website"},"datePublished":"2025-01-23T17:28:07+00:00","dateModified":"2025-01-29T15:43:32+00:00","breadcrumb":{"@id":"https:\/\/gate-berlin-test.lambda-factor.pl\/de\/agb\/#breadcrumb"},"inLanguage":"en-US","potentialAction":[{"@type":"ReadAction","target":["https:\/\/gate-berlin-test.lambda-factor.pl\/de\/agb\/"]}]},{"@type":"BreadcrumbList","@id":"https:\/\/gate-berlin-test.lambda-factor.pl\/de\/agb\/#breadcrumb","itemListElement":[{"@type":"ListItem","position":1,"name":"Home","item":"https:\/\/gate-berlin-test.lambda-factor.pl\/de\/"},{"@type":"ListItem","position":2,"name":"AGB"}]},{"@type":"WebSite","@id":"https:\/\/gate-berlin-test.lambda-factor.pl\/de\/#website","url":"https:\/\/gate-berlin-test.lambda-factor.pl\/de\/","name":"The Gate staging DE","description":"","potentialAction":[{"@type":"SearchAction","target":{"@type":"EntryPoint","urlTemplate":"https:\/\/gate-berlin-test.lambda-factor.pl\/de\/?s={search_term_string}"},"query-input":{"@type":"PropertyValueSpecification","valueRequired":true,"valueName":"search_term_string"}}],"inLanguage":"en-US"}]}},"_links":{"self":[{"href":"https:\/\/gate-berlin-test.lambda-factor.pl\/de\/wp-json\/wp\/v2\/pages\/736","targetHints":{"allow":["GET"]}}],"collection":[{"href":"https:\/\/gate-berlin-test.lambda-factor.pl\/de\/wp-json\/wp\/v2\/pages"}],"about":[{"href":"https:\/\/gate-berlin-test.lambda-factor.pl\/de\/wp-json\/wp\/v2\/types\/page"}],"author":[{"embeddable":true,"href":"https:\/\/gate-berlin-test.lambda-factor.pl\/de\/wp-json\/wp\/v2\/users\/1"}],"replies":[{"embeddable":true,"href":"https:\/\/gate-berlin-test.lambda-factor.pl\/de\/wp-json\/wp\/v2\/comments?post=736"}],"version-history":[{"count":9,"href":"https:\/\/gate-berlin-test.lambda-factor.pl\/de\/wp-json\/wp\/v2\/pages\/736\/revisions"}],"predecessor-version":[{"id":783,"href":"https:\/\/gate-berlin-test.lambda-factor.pl\/de\/wp-json\/wp\/v2\/pages\/736\/revisions\/783"}],"wp:attachment":[{"href":"https:\/\/gate-berlin-test.lambda-factor.pl\/de\/wp-json\/wp\/v2\/media?parent=736"}],"curies":[{"name":"wp","href":"https:\/\/api.w.org\/{rel}","templated":true}]}}