{"id":157,"date":"2025-01-15T15:09:29","date_gmt":"2025-01-15T15:09:29","guid":{"rendered":"https:\/\/gate-berlin-test.lambda-factor.pl\/de\/?page_id=157"},"modified":"2025-01-23T17:30:26","modified_gmt":"2025-01-23T17:30:26","slug":"privacy","status":"publish","type":"page","link":"https:\/\/gate-berlin-test.lambda-factor.pl\/de\/privacy\/","title":{"rendered":"Datenschutz"},"content":{"rendered":"\n<section class=\"simple-text \"  data-block-id=\"block_9f1f3e481ebf03951030f2ee3f337a32\">\n    <div class=\"container-xxl\">\n                    <a href=\"#\" class=\"simple-text__back button-back\">\n                <svg width=\"24\" height=\"25\" viewBox=\"0 0 24 25\" fill=\"none\" xmlns=\"http:\/\/www.w3.org\/2000\/svg\">\n                    <path d=\"M15 20.4201L8.47997 13.9001C7.70997 13.1301 7.70997 11.8701 8.47997 11.1001L15 4.58008\"\n                          stroke=\"#181818\" stroke-width=\"2\" stroke-miterlimit=\"10\" stroke-linecap=\"round\"\n                          stroke-linejoin=\"round\"\/>\n                <\/svg>\n                <span>\n                    back                <\/span>\n            <\/a>\n                            <h2 class=\"simple-text__headline\">\n                Datenschutzrichtlinie            <\/h2>\n                            <div class=\"simple-text__text\">\n                <h3><b>Datenschutzrichtlinie<\/b><\/h3>\n<p><b>Verantwortlicher<\/b><b><br \/>\n<\/b><span style=\"font-weight: 400;\">Gate Service GmbH<\/span><span style=\"font-weight: 400;\"><br \/>\n<\/span><span style=\"font-weight: 400;\">Torstra\u00dfe 201, 10115 Berlin<\/span><span style=\"font-weight: 400;\"><br \/>\n<\/span><span style=\"font-weight: 400;\">E-Mail: hello@thegate.berlin<\/span><span style=\"font-weight: 400;\"><br \/>\n<\/span><span style=\"font-weight: 400;\">Telefon: +49 170 8350758<\/span><\/p>\n<ol>\n<li><b> Allgemeine Hinweise zur Datenverarbeitung<\/b><b><br \/>\n<\/b><span style=\"font-weight: 400;\">Wir, die Gate Service GmbH, nehmen den Schutz Ihrer pers\u00f6nlichen Daten sehr ernst. Ihre Daten werden vertraulich und entsprechend den gesetzlichen Datenschutzvorschriften (DSGVO) sowie dieser Datenschutzerkl\u00e4rung behandelt.<\/span><\/li>\n<li><b> Welche Daten erheben wir?<\/b><\/li>\n<\/ol>\n<ul>\n<li style=\"font-weight: 400;\" aria-level=\"1\"><b>Beim Besuch der Website<\/b><span style=\"font-weight: 400;\">: IP-Adresse, Browser-Typ, Betriebssystem, Datum und Uhrzeit des Zugriffs.<\/span><\/li>\n<li style=\"font-weight: 400;\" aria-level=\"1\"><b>Kontaktformulare<\/b><span style=\"font-weight: 400;\">: Name, E-Mail-Adresse, Telefonnummer und sonstige Informationen, die Sie freiwillig angeben.<\/span><\/li>\n<li style=\"font-weight: 400;\" aria-level=\"1\"><b>Buchungssystem<\/b><span style=\"font-weight: 400;\">: Pers\u00f6nliche Daten (Name, Adresse, Zahlungsinformationen) f\u00fcr Reservierungen.<\/span><\/li>\n<\/ul>\n<ol start=\"3\">\n<li><b> Zwecke der Datenverarbeitung<\/b><\/li>\n<\/ol>\n<ul>\n<li style=\"font-weight: 400;\" aria-level=\"1\"><span style=\"font-weight: 400;\">Bereitstellung der Website und Gew\u00e4hrleistung eines reibungslosen Betriebs.<\/span><\/li>\n<li style=\"font-weight: 400;\" aria-level=\"1\"><span style=\"font-weight: 400;\">Bearbeitung von Anfragen und Buchungen.<\/span><\/li>\n<li style=\"font-weight: 400;\" aria-level=\"1\"><span style=\"font-weight: 400;\">Marketingzwecke (nur mit Ihrer Zustimmung).<\/span><\/li>\n<\/ul>\n<ol start=\"4\">\n<li><b> Weitergabe von Daten<\/b><b><br \/>\n<\/b><span style=\"font-weight: 400;\">Ihre Daten werden nicht an Dritte weitergegeben, es sei denn, dies ist zur Vertragserf\u00fcllung erforderlich (z. B. Zahlungsdienstleister) oder wir sind gesetzlich dazu verpflichtet.<\/span><\/li>\n<li><b> Ihre Rechte<\/b><b><br \/>\n<\/b><span style=\"font-weight: 400;\">Sie haben das Recht:<\/span><\/li>\n<\/ol>\n<ul>\n<li style=\"font-weight: 400;\" aria-level=\"1\"><span style=\"font-weight: 400;\">auf Auskunft \u00fcber Ihre gespeicherten Daten,<\/span><\/li>\n<li style=\"font-weight: 400;\" aria-level=\"1\"><span style=\"font-weight: 400;\">auf Berichtigung oder L\u00f6schung,<\/span><\/li>\n<li style=\"font-weight: 400;\" aria-level=\"1\"><span style=\"font-weight: 400;\">auf Einschr\u00e4nkung der Verarbeitung,<\/span><\/li>\n<li style=\"font-weight: 400;\" aria-level=\"1\"><span style=\"font-weight: 400;\">auf Daten\u00fcbertragbarkeit,<\/span><\/li>\n<li style=\"font-weight: 400;\" aria-level=\"1\"><span style=\"font-weight: 400;\">auf Widerruf Ihrer Einwilligung zur Datenverarbeitung.<\/span><\/li>\n<\/ul>\n<p><span style=\"font-weight: 400;\">Bitte kontaktieren Sie uns unter den oben angegebenen Kontaktdaten, wenn Sie eines dieser Rechte aus\u00fcben m\u00f6chten.<\/span><\/p>\n<ol start=\"6\">\n<li><b> Cookies und Tracking-Tools<\/b><b><br \/>\n<\/b><span style=\"font-weight: 400;\">Wir verwenden Cookies und \u00e4hnliche Technologien, um die Nutzung unserer Website zu analysieren. Sie k\u00f6nnen Cookies \u00fcber Ihre Browsereinstellungen deaktivieren.<\/span><\/li>\n<li><b> Datensicherheit<\/b><b><br \/>\n<\/b><span style=\"font-weight: 400;\">Ihre Daten werden durch technische und organisatorische Ma\u00dfnahmen gesch\u00fctzt, um sie vor unbefugtem Zugriff, Verlust oder Zerst\u00f6rung zu sichern.<\/span><\/li>\n<li><b> \u00c4nderungen der Datenschutzerkl\u00e4rung<\/b><b><br \/>\n<\/b><span style=\"font-weight: 400;\">Wir behalten uns das Recht vor, diese Erkl\u00e4rung bei Bedarf anzupassen, insbesondere bei \u00c4nderungen gesetzlicher Anforderungen.<\/span><\/li>\n<\/ol>\n<p><span style=\"font-weight: 400;\">Stand: Januar 2025<\/span><\/p>\n            <\/div>\n            <\/div>\n<\/section>","protected":false},"excerpt":{"rendered":"","protected":false},"author":1,"featured_media":0,"parent":0,"menu_order":2,"comment_status":"closed","ping_status":"closed","template":"","meta":{"footnotes":""},"class_list":["post-157","page","type-page","status-publish","hentry"],"acf":[],"yoast_head":"<!-- This site is optimized with the Yoast SEO plugin v24.3 - https:\/\/yoast.com\/wordpress\/plugins\/seo\/ -->\n<title>Datenschutz - The Gate staging DE<\/title>\n<meta name=\"robots\" content=\"index, follow, max-snippet:-1, max-image-preview:large, max-video-preview:-1\" \/>\n<link rel=\"canonical\" href=\"https:\/\/gate-berlin-test.lambda-factor.pl\/de\/privacy\/\" \/>\n<meta property=\"og:locale\" content=\"en_US\" \/>\n<meta property=\"og:type\" content=\"article\" \/>\n<meta property=\"og:title\" content=\"Datenschutz - The Gate staging DE\" \/>\n<meta property=\"og:url\" content=\"https:\/\/gate-berlin-test.lambda-factor.pl\/de\/privacy\/\" \/>\n<meta property=\"og:site_name\" content=\"The Gate staging DE\" \/>\n<meta property=\"article:modified_time\" content=\"2025-01-23T17:30:26+00:00\" \/>\n<meta name=\"twitter:card\" content=\"summary_large_image\" \/>\n<script type=\"application\/ld+json\" class=\"yoast-schema-graph\">{\"@context\":\"https:\/\/schema.org\",\"@graph\":[{\"@type\":\"WebPage\",\"@id\":\"https:\/\/gate-berlin-test.lambda-factor.pl\/de\/privacy\/\",\"url\":\"https:\/\/gate-berlin-test.lambda-factor.pl\/de\/privacy\/\",\"name\":\"Datenschutz - The Gate staging DE\",\"isPartOf\":{\"@id\":\"https:\/\/gate-berlin-test.lambda-factor.pl\/de\/#website\"},\"datePublished\":\"2025-01-15T15:09:29+00:00\",\"dateModified\":\"2025-01-23T17:30:26+00:00\",\"breadcrumb\":{\"@id\":\"https:\/\/gate-berlin-test.lambda-factor.pl\/de\/privacy\/#breadcrumb\"},\"inLanguage\":\"en-US\",\"potentialAction\":[{\"@type\":\"ReadAction\",\"target\":[\"https:\/\/gate-berlin-test.lambda-factor.pl\/de\/privacy\/\"]}]},{\"@type\":\"BreadcrumbList\",\"@id\":\"https:\/\/gate-berlin-test.lambda-factor.pl\/de\/privacy\/#breadcrumb\",\"itemListElement\":[{\"@type\":\"ListItem\",\"position\":1,\"name\":\"Home\",\"item\":\"https:\/\/gate-berlin-test.lambda-factor.pl\/de\/\"},{\"@type\":\"ListItem\",\"position\":2,\"name\":\"Datenschutz\"}]},{\"@type\":\"WebSite\",\"@id\":\"https:\/\/gate-berlin-test.lambda-factor.pl\/de\/#website\",\"url\":\"https:\/\/gate-berlin-test.lambda-factor.pl\/de\/\",\"name\":\"The Gate staging DE\",\"description\":\"\",\"potentialAction\":[{\"@type\":\"SearchAction\",\"target\":{\"@type\":\"EntryPoint\",\"urlTemplate\":\"https:\/\/gate-berlin-test.lambda-factor.pl\/de\/?s={search_term_string}\"},\"query-input\":{\"@type\":\"PropertyValueSpecification\",\"valueRequired\":true,\"valueName\":\"search_term_string\"}}],\"inLanguage\":\"en-US\"}]}<\/script>\n<!-- \/ Yoast SEO plugin. -->","yoast_head_json":{"title":"Datenschutz - The Gate staging DE","robots":{"index":"index","follow":"follow","max-snippet":"max-snippet:-1","max-image-preview":"max-image-preview:large","max-video-preview":"max-video-preview:-1"},"canonical":"https:\/\/gate-berlin-test.lambda-factor.pl\/de\/privacy\/","og_locale":"en_US","og_type":"article","og_title":"Datenschutz - The Gate staging DE","og_url":"https:\/\/gate-berlin-test.lambda-factor.pl\/de\/privacy\/","og_site_name":"The Gate staging DE","article_modified_time":"2025-01-23T17:30:26+00:00","twitter_card":"summary_large_image","schema":{"@context":"https:\/\/schema.org","@graph":[{"@type":"WebPage","@id":"https:\/\/gate-berlin-test.lambda-factor.pl\/de\/privacy\/","url":"https:\/\/gate-berlin-test.lambda-factor.pl\/de\/privacy\/","name":"Datenschutz - The Gate staging DE","isPartOf":{"@id":"https:\/\/gate-berlin-test.lambda-factor.pl\/de\/#website"},"datePublished":"2025-01-15T15:09:29+00:00","dateModified":"2025-01-23T17:30:26+00:00","breadcrumb":{"@id":"https:\/\/gate-berlin-test.lambda-factor.pl\/de\/privacy\/#breadcrumb"},"inLanguage":"en-US","potentialAction":[{"@type":"ReadAction","target":["https:\/\/gate-berlin-test.lambda-factor.pl\/de\/privacy\/"]}]},{"@type":"BreadcrumbList","@id":"https:\/\/gate-berlin-test.lambda-factor.pl\/de\/privacy\/#breadcrumb","itemListElement":[{"@type":"ListItem","position":1,"name":"Home","item":"https:\/\/gate-berlin-test.lambda-factor.pl\/de\/"},{"@type":"ListItem","position":2,"name":"Datenschutz"}]},{"@type":"WebSite","@id":"https:\/\/gate-berlin-test.lambda-factor.pl\/de\/#website","url":"https:\/\/gate-berlin-test.lambda-factor.pl\/de\/","name":"The Gate staging DE","description":"","potentialAction":[{"@type":"SearchAction","target":{"@type":"EntryPoint","urlTemplate":"https:\/\/gate-berlin-test.lambda-factor.pl\/de\/?s={search_term_string}"},"query-input":{"@type":"PropertyValueSpecification","valueRequired":true,"valueName":"search_term_string"}}],"inLanguage":"en-US"}]}},"_links":{"self":[{"href":"https:\/\/gate-berlin-test.lambda-factor.pl\/de\/wp-json\/wp\/v2\/pages\/157","targetHints":{"allow":["GET"]}}],"collection":[{"href":"https:\/\/gate-berlin-test.lambda-factor.pl\/de\/wp-json\/wp\/v2\/pages"}],"about":[{"href":"https:\/\/gate-berlin-test.lambda-factor.pl\/de\/wp-json\/wp\/v2\/types\/page"}],"author":[{"embeddable":true,"href":"https:\/\/gate-berlin-test.lambda-factor.pl\/de\/wp-json\/wp\/v2\/users\/1"}],"replies":[{"embeddable":true,"href":"https:\/\/gate-berlin-test.lambda-factor.pl\/de\/wp-json\/wp\/v2\/comments?post=157"}],"version-history":[{"count":5,"href":"https:\/\/gate-berlin-test.lambda-factor.pl\/de\/wp-json\/wp\/v2\/pages\/157\/revisions"}],"predecessor-version":[{"id":740,"href":"https:\/\/gate-berlin-test.lambda-factor.pl\/de\/wp-json\/wp\/v2\/pages\/157\/revisions\/740"}],"wp:attachment":[{"href":"https:\/\/gate-berlin-test.lambda-factor.pl\/de\/wp-json\/wp\/v2\/media?parent=157"}],"curies":[{"name":"wp","href":"https:\/\/api.w.org\/{rel}","templated":true}]}}